{"id":1528,"date":"2020-05-25T09:31:02","date_gmt":"2020-05-25T09:31:02","guid":{"rendered":"https:\/\/www.rentaboatalgarve.com\/a-propos\/"},"modified":"2023-07-25T16:01:28","modified_gmt":"2023-07-25T16:01:28","slug":"a-propos","status":"publish","type":"page","link":"https:\/\/www.rentaboatalgarve.com\/fr\/a-propos\/","title":{"rendered":"\u00c0 propos"},"content":{"rendered":"\t\t<div data-elementor-type=\"wp-page\" data-elementor-id=\"1528\" class=\"elementor elementor-1528 elementor-78\" data-elementor-post-type=\"page\">\n\t\t\t\t\t\t<section class=\"elementor-section elementor-top-section elementor-element elementor-element-3252317 elementor-section-boxed elementor-section-height-default elementor-section-height-default\" data-id=\"3252317\" data-element_type=\"section\" data-e-type=\"section\" data-settings=\"{&quot;jet_parallax_layout_list&quot;:[{&quot;_id&quot;:&quot;9157c16&quot;,&quot;jet_parallax_layout_speed&quot;:{&quot;unit&quot;:&quot;%&quot;,&quot;size&quot;:&quot;50&quot;,&quot;sizes&quot;:[]},&quot;jet_parallax_layout_bg_x&quot;:&quot;50&quot;,&quot;jet_parallax_layout_bg_y&quot;:&quot;50&quot;,&quot;jet_parallax_layout_image&quot;:{&quot;url&quot;:&quot;&quot;,&quot;id&quot;:&quot;&quot;,&quot;size&quot;:&quot;&quot;},&quot;jet_parallax_layout_image_tablet&quot;:{&quot;url&quot;:&quot;&quot;,&quot;id&quot;:&quot;&quot;,&quot;size&quot;:&quot;&quot;},&quot;jet_parallax_layout_image_mobile&quot;:{&quot;url&quot;:&quot;&quot;,&quot;id&quot;:&quot;&quot;,&quot;size&quot;:&quot;&quot;},&quot;jet_parallax_layout_type&quot;:&quot;scroll&quot;,&quot;jet_parallax_layout_direction&quot;:&quot;1&quot;,&quot;jet_parallax_layout_fx_direction&quot;:null,&quot;jet_parallax_layout_z_index&quot;:&quot;&quot;,&quot;jet_parallax_layout_bg_x_tablet&quot;:&quot;&quot;,&quot;jet_parallax_layout_bg_x_mobile&quot;:&quot;&quot;,&quot;jet_parallax_layout_bg_y_tablet&quot;:&quot;&quot;,&quot;jet_parallax_layout_bg_y_mobile&quot;:&quot;&quot;,&quot;jet_parallax_layout_bg_size&quot;:&quot;auto&quot;,&quot;jet_parallax_layout_bg_size_tablet&quot;:&quot;&quot;,&quot;jet_parallax_layout_bg_size_mobile&quot;:&quot;&quot;,&quot;jet_parallax_layout_animation_prop&quot;:&quot;transform&quot;,&quot;jet_parallax_layout_on&quot;:[&quot;desktop&quot;,&quot;tablet&quot;]}],&quot;background_background&quot;:&quot;classic&quot;}\">\n\t\t\t\t\t\t\t<div class=\"elementor-background-overlay\"><\/div>\n\t\t\t\t\t\t\t<div class=\"elementor-container elementor-column-gap-no\">\n\t\t\t\t\t<div class=\"elementor-column elementor-col-100 elementor-top-column elementor-element elementor-element-9cf0956\" data-id=\"9cf0956\" data-element_type=\"column\" data-e-type=\"column\">\n\t\t\t<div class=\"elementor-widget-wrap elementor-element-populated\">\n\t\t\t\t\t\t<div class=\"elementor-element elementor-element-af0f4c0 elementor-widget elementor-widget-raven-image\" data-id=\"af0f4c0\" data-element_type=\"widget\" data-e-type=\"widget\" data-widget_type=\"raven-image.default\">\n\t\t\t\t<div class=\"elementor-widget-container\">\n\t\t\t\t\t\t\t<div class=\"raven-image\">\n\t\t\n\t\t\n\t\t<img decoding=\"async\" width=\"86\" height=\"6\" src=\"https:\/\/www.rentaboatalgarve.com\/wp-content\/uploads\/2020\/05\/home-style3.png\" class=\"attachment-full size-full wp-image-1387\" alt=\"\" \/>\t\t<\/div>\n\t\t\t\t\t\t<\/div>\n\t\t\t\t<\/div>\n\t\t\t\t<div class=\"elementor-element elementor-element-8982177 elementor-widget elementor-widget-heading\" data-id=\"8982177\" data-element_type=\"widget\" data-e-type=\"widget\" data-widget_type=\"heading.default\">\n\t\t\t\t<div class=\"elementor-widget-container\">\n\t\t\t\t\t<h1 class=\"elementor-heading-title elementor-size-default\">\u00c0 propos de nous<\/h1>\t\t\t\t<\/div>\n\t\t\t\t<\/div>\n\t\t\t\t\t<\/div>\n\t\t<\/div>\n\t\t\t\t\t<\/div>\n\t\t<\/section>\n\t\t\t\t<section class=\"elementor-section elementor-top-section elementor-element elementor-element-37fd800 elementor-section-boxed elementor-section-height-default elementor-section-height-default\" data-id=\"37fd800\" data-element_type=\"section\" data-e-type=\"section\" data-settings=\"{&quot;jet_parallax_layout_list&quot;:[{&quot;jet_parallax_layout_image&quot;:{&quot;url&quot;:&quot;&quot;,&quot;id&quot;:&quot;&quot;,&quot;size&quot;:&quot;&quot;},&quot;_id&quot;:&quot;565567a&quot;,&quot;jet_parallax_layout_speed&quot;:{&quot;unit&quot;:&quot;%&quot;,&quot;size&quot;:&quot;50&quot;,&quot;sizes&quot;:[]},&quot;jet_parallax_layout_bg_x&quot;:&quot;50&quot;,&quot;jet_parallax_layout_bg_y&quot;:&quot;50&quot;,&quot;jet_parallax_layout_image_tablet&quot;:{&quot;url&quot;:&quot;&quot;,&quot;id&quot;:&quot;&quot;,&quot;size&quot;:&quot;&quot;},&quot;jet_parallax_layout_image_mobile&quot;:{&quot;url&quot;:&quot;&quot;,&quot;id&quot;:&quot;&quot;,&quot;size&quot;:&quot;&quot;},&quot;jet_parallax_layout_type&quot;:&quot;scroll&quot;,&quot;jet_parallax_layout_direction&quot;:&quot;1&quot;,&quot;jet_parallax_layout_fx_direction&quot;:null,&quot;jet_parallax_layout_z_index&quot;:&quot;&quot;,&quot;jet_parallax_layout_bg_x_tablet&quot;:&quot;&quot;,&quot;jet_parallax_layout_bg_x_mobile&quot;:&quot;&quot;,&quot;jet_parallax_layout_bg_y_tablet&quot;:&quot;&quot;,&quot;jet_parallax_layout_bg_y_mobile&quot;:&quot;&quot;,&quot;jet_parallax_layout_bg_size&quot;:&quot;auto&quot;,&quot;jet_parallax_layout_bg_size_tablet&quot;:&quot;&quot;,&quot;jet_parallax_layout_bg_size_mobile&quot;:&quot;&quot;,&quot;jet_parallax_layout_animation_prop&quot;:&quot;transform&quot;,&quot;jet_parallax_layout_on&quot;:[&quot;desktop&quot;,&quot;tablet&quot;]}]}\">\n\t\t\t\t\t\t<div class=\"elementor-container elementor-column-gap-no\">\n\t\t\t\t\t<div class=\"elementor-column elementor-col-100 elementor-top-column elementor-element elementor-element-8dee29d\" data-id=\"8dee29d\" data-element_type=\"column\" data-e-type=\"column\">\n\t\t\t<div class=\"elementor-widget-wrap elementor-element-populated\">\n\t\t\t\t\t\t<div class=\"elementor-element elementor-element-a917c8e elementor-widget elementor-widget-raven-image\" data-id=\"a917c8e\" data-element_type=\"widget\" data-e-type=\"widget\" data-widget_type=\"raven-image.default\">\n\t\t\t\t<div class=\"elementor-widget-container\">\n\t\t\t\t\t\t\t<div class=\"raven-image\">\n\t\t\n\t\t\n\t\t<img decoding=\"async\" width=\"49\" height=\"50\" src=\"https:\/\/www.rentaboatalgarve.com\/wp-content\/uploads\/2023\/06\/about-icon.png\" class=\"attachment-full size-full wp-image-1485\" alt=\"\" \/>\t\t<\/div>\n\t\t\t\t\t\t<\/div>\n\t\t\t\t<\/div>\n\t\t\t\t<div class=\"elementor-element elementor-element-0675abb elementor-widget elementor-widget-text-editor\" data-id=\"0675abb\" data-element_type=\"widget\" data-e-type=\"widget\" data-widget_type=\"text-editor.default\">\n\t\t\t\t<div class=\"elementor-widget-container\">\n\t\t\t\t\t\t\t\t\t<p>Nous sommes passionn\u00e9s par la fourniture d&rsquo;exp\u00e9riences inoubliables dans la magnifique Ria Formosa. Situ\u00e9e dans la r\u00e9gion ensoleill\u00e9e de l&rsquo;Algarve au Portugal, Ria Formosa est un syst\u00e8me lagunaire c\u00f4tier unique connu pour sa beaut\u00e9 naturelle \u00e9poustouflante, sa vie marine diversifi\u00e9e et ses plages immacul\u00e9es. Que vous recherchiez une excursion en bateau paisible, une exp\u00e9dition de p\u00eache passionnante ou une journ\u00e9e amusante de sports nautiques, nous avons les options parfaites pour vous.<\/p>\n\t\t\t\t\t\t\t\t<\/div>\n\t\t\t\t<\/div>\n\t\t\t\t<div class=\"elementor-element elementor-element-aa0bfd4 elementor-widget elementor-widget-text-editor\" data-id=\"aa0bfd4\" data-element_type=\"widget\" data-e-type=\"widget\" data-widget_type=\"text-editor.default\">\n\t\t\t\t<div class=\"elementor-widget-container\">\n\t\t\t\t\t\t\t\t\t<p>Notre \u00e9quipe de professionnels exp\u00e9riment\u00e9s s&rsquo;engage \u00e0 faire en sorte que votre s\u00e9jour \u00e0 Ria Formosa soit vraiment m\u00e9morable. Nous proposons \u00e0 la location plusieurs bateaux bien entretenus, adapt\u00e9s \u00e0 diff\u00e9rentes tailles de groupes et pr\u00e9f\u00e9rences. Notre flotte est con\u00e7ue pour offrir confort, s\u00e9curit\u00e9 et une exp\u00e9rience agr\u00e9able sur l&rsquo;eau. Rejoignez-nous et explorez les joyaux cach\u00e9s de Ria Formosa, plongez dans ses \u00e9cosyst\u00e8mes dynamiques et cr\u00e9ez des souvenirs inoubliables.<\/p>\n\t\t\t\t\t\t\t\t<\/div>\n\t\t\t\t<\/div>\n\t\t\t\t\t<\/div>\n\t\t<\/div>\n\t\t\t\t\t<\/div>\n\t\t<\/section>\n\t\t\t\t<section class=\"elementor-section elementor-top-section elementor-element elementor-element-3a44332 elementor-section-boxed elementor-section-height-default elementor-section-height-default\" data-id=\"3a44332\" data-element_type=\"section\" data-e-type=\"section\" data-settings=\"{&quot;jet_parallax_layout_list&quot;:[{&quot;jet_parallax_layout_image&quot;:{&quot;url&quot;:&quot;&quot;,&quot;id&quot;:&quot;&quot;,&quot;size&quot;:&quot;&quot;},&quot;_id&quot;:&quot;73260dc&quot;,&quot;jet_parallax_layout_speed&quot;:{&quot;unit&quot;:&quot;%&quot;,&quot;size&quot;:&quot;50&quot;,&quot;sizes&quot;:[]},&quot;jet_parallax_layout_bg_x&quot;:&quot;50&quot;,&quot;jet_parallax_layout_bg_y&quot;:&quot;50&quot;,&quot;jet_parallax_layout_image_tablet&quot;:{&quot;url&quot;:&quot;&quot;,&quot;id&quot;:&quot;&quot;,&quot;size&quot;:&quot;&quot;},&quot;jet_parallax_layout_image_mobile&quot;:{&quot;url&quot;:&quot;&quot;,&quot;id&quot;:&quot;&quot;,&quot;size&quot;:&quot;&quot;},&quot;jet_parallax_layout_type&quot;:&quot;scroll&quot;,&quot;jet_parallax_layout_direction&quot;:&quot;1&quot;,&quot;jet_parallax_layout_fx_direction&quot;:null,&quot;jet_parallax_layout_z_index&quot;:&quot;&quot;,&quot;jet_parallax_layout_bg_x_tablet&quot;:&quot;&quot;,&quot;jet_parallax_layout_bg_x_mobile&quot;:&quot;&quot;,&quot;jet_parallax_layout_bg_y_tablet&quot;:&quot;&quot;,&quot;jet_parallax_layout_bg_y_mobile&quot;:&quot;&quot;,&quot;jet_parallax_layout_bg_size&quot;:&quot;auto&quot;,&quot;jet_parallax_layout_bg_size_tablet&quot;:&quot;&quot;,&quot;jet_parallax_layout_bg_size_mobile&quot;:&quot;&quot;,&quot;jet_parallax_layout_animation_prop&quot;:&quot;transform&quot;,&quot;jet_parallax_layout_on&quot;:[&quot;desktop&quot;,&quot;tablet&quot;]}]}\">\n\t\t\t\t\t\t<div class=\"elementor-container elementor-column-gap-no\">\n\t\t\t\t\t<div class=\"elementor-column elementor-col-50 elementor-top-column elementor-element elementor-element-7848726\" data-id=\"7848726\" data-element_type=\"column\" data-e-type=\"column\">\n\t\t\t<div class=\"elementor-widget-wrap elementor-element-populated\">\n\t\t\t\t\t\t<div class=\"elementor-element elementor-element-a16a072 elementor-widget elementor-widget-raven-image\" data-id=\"a16a072\" data-element_type=\"widget\" data-e-type=\"widget\" data-widget_type=\"raven-image.default\">\n\t\t\t\t<div class=\"elementor-widget-container\">\n\t\t\t\t\t\t\t<div class=\"raven-image\">\n\t\t\n\t\t\n\t\t<img fetchpriority=\"high\" decoding=\"async\" width=\"362\" height=\"450\" src=\"https:\/\/www.rentaboatalgarve.com\/wp-content\/uploads\/2023\/06\/about-image-min-1.jpg\" class=\"attachment-full size-full wp-image-1448\" alt=\"\" srcset=\"https:\/\/www.rentaboatalgarve.com\/wp-content\/uploads\/2023\/06\/about-image-min-1.jpg 362w, https:\/\/www.rentaboatalgarve.com\/wp-content\/uploads\/2023\/06\/about-image-min-1-241x300.jpg 241w\" sizes=\"(max-width: 362px) 100vw, 362px\" \/>\t\t<\/div>\n\t\t\t\t\t\t<\/div>\n\t\t\t\t<\/div>\n\t\t\t\t<div class=\"elementor-element elementor-element-52a69c4 elementor-absolute elementor-widget__width-initial elementor-widget-tablet__width-initial elementor-widget-mobile__width-initial elementor-widget elementor-widget-raven-image\" data-id=\"52a69c4\" data-element_type=\"widget\" data-e-type=\"widget\" data-settings=\"{&quot;_position&quot;:&quot;absolute&quot;}\" data-widget_type=\"raven-image.default\">\n\t\t\t\t<div class=\"elementor-widget-container\">\n\t\t\t\t\t\t\t<div class=\"raven-image\">\n\t\t\n\t\t\n\t\t<img loading=\"lazy\" decoding=\"async\" width=\"362\" height=\"450\" src=\"https:\/\/www.rentaboatalgarve.com\/wp-content\/uploads\/2023\/06\/about2-min.jpg\" class=\"attachment-full size-full wp-image-1449\" alt=\"\" srcset=\"https:\/\/www.rentaboatalgarve.com\/wp-content\/uploads\/2023\/06\/about2-min.jpg 362w, https:\/\/www.rentaboatalgarve.com\/wp-content\/uploads\/2023\/06\/about2-min-241x300.jpg 241w\" sizes=\"(max-width: 362px) 100vw, 362px\" \/>\t\t<\/div>\n\t\t\t\t\t\t<\/div>\n\t\t\t\t<\/div>\n\t\t\t\t\t<\/div>\n\t\t<\/div>\n\t\t\t\t<div class=\"elementor-column elementor-col-50 elementor-top-column elementor-element elementor-element-498bd48\" data-id=\"498bd48\" data-element_type=\"column\" data-e-type=\"column\">\n\t\t\t<div class=\"elementor-widget-wrap elementor-element-populated\">\n\t\t\t\t\t\t<div class=\"elementor-element elementor-element-1820fee elementor-widget-tablet__width-initial elementor-widget elementor-widget-heading\" data-id=\"1820fee\" data-element_type=\"widget\" data-e-type=\"widget\" data-widget_type=\"heading.default\">\n\t\t\t\t<div class=\"elementor-widget-container\">\n\t\t\t\t\t<h2 class=\"elementor-heading-title elementor-size-default\">Visitez des \u00eeles d\u00e9sertes \u00e0 couper le souffle<\/h2>\t\t\t\t<\/div>\n\t\t\t\t<\/div>\n\t\t\t\t<div class=\"elementor-element elementor-element-5882579 elementor-widget elementor-widget-raven-image\" data-id=\"5882579\" data-element_type=\"widget\" data-e-type=\"widget\" data-widget_type=\"raven-image.default\">\n\t\t\t\t<div class=\"elementor-widget-container\">\n\t\t\t\t\t\t\t<div class=\"raven-image\">\n\t\t\n\t\t\n\t\t<img decoding=\"async\" width=\"86\" height=\"6\" src=\"https:\/\/www.rentaboatalgarve.com\/wp-content\/uploads\/2020\/05\/home-style3.png\" class=\"attachment-full size-full wp-image-1387\" alt=\"\" \/>\t\t<\/div>\n\t\t\t\t\t\t<\/div>\n\t\t\t\t<\/div>\n\t\t\t\t<div class=\"elementor-element elementor-element-55eb1a1 elementor-widget elementor-widget-text-editor\" data-id=\"55eb1a1\" data-element_type=\"widget\" data-e-type=\"widget\" data-widget_type=\"text-editor.default\">\n\t\t\t\t<div class=\"elementor-widget-container\">\n\t\t\t\t\t\t\t\t\tLouer un bateau pour visiter les magnifiques \u00eeles d\u00e9sertes du parc naturel de Ria Formosa est une exp\u00e9rience formidable et unique en Algarve.\n\nFaites le tour des \u00eeles \u00e0 votre rythme avec nos bateaux rapides tout en profitant de la baignade, de la p\u00eache et des pique-niques sur les plages d\u00e9sertes. Louer un bateau est un excellent moyen de profiter au maximum de votre visite en Algarve.\t\t\t\t\t\t\t\t<\/div>\n\t\t\t\t<\/div>\n\t\t\t\t\t<\/div>\n\t\t<\/div>\n\t\t\t\t\t<\/div>\n\t\t<\/section>\n\t\t\t\t<\/div>\n\t\t","protected":false},"excerpt":{"rendered":"<p>\u00c0 propos de nous Nous sommes passionn\u00e9s par la fourniture d&rsquo;exp\u00e9riences inoubliables dans la magnifique Ria Formosa. Situ\u00e9e dans la r\u00e9gion ensoleill\u00e9e de l&rsquo;Algarve au Portugal, Ria Formosa est un syst\u00e8me lagunaire c\u00f4tier unique connu pour sa beaut\u00e9 naturelle \u00e9poustouflante, sa vie marine diversifi\u00e9e et ses plages immacul\u00e9es. Que vous recherchiez une excursion en bateau [&hellip;]<\/p>\n","protected":false},"author":1,"featured_media":0,"parent":0,"menu_order":0,"comment_status":"closed","ping_status":"closed","template":"full-width.php","meta":{"_acf_changed":false,"footnotes":""},"class_list":["post-1528","page","type-page","status-publish","hentry"],"acf":[],"yoast_head":"<!-- This site is optimized with the Yoast SEO plugin v27.3 - https:\/\/yoast.com\/product\/yoast-seo-wordpress\/ -->\n<title>\u00c0 propos de nous - Visitez des \u00eeles \u00e0 couper le souffle | Louer un bateau Algarve<\/title>\n<meta name=\"description\" content=\"Louer un bateau pour visiter les magnifiques \u00eeles d\u00e9sertes du parc naturel de Ria Formosa est une exp\u00e9rience formidable et unique en Algarve.\" \/>\n<meta name=\"robots\" content=\"index, follow, max-snippet:-1, max-image-preview:large, max-video-preview:-1\" \/>\n<link rel=\"canonical\" href=\"https:\/\/www.rentaboatalgarve.com\/fr\/a-propos\/\" \/>\n<meta property=\"og:locale\" content=\"fr_FR\" \/>\n<meta property=\"og:type\" content=\"article\" \/>\n<meta property=\"og:title\" content=\"\u00c0 propos de nous - Visitez des \u00eeles \u00e0 couper le souffle | Louer un bateau Algarve\" \/>\n<meta property=\"og:description\" content=\"Louer un bateau pour visiter les magnifiques \u00eeles d\u00e9sertes du parc naturel de Ria Formosa est une exp\u00e9rience formidable et unique en Algarve.\" \/>\n<meta property=\"og:url\" content=\"https:\/\/www.rentaboatalgarve.com\/fr\/a-propos\/\" \/>\n<meta property=\"og:site_name\" content=\"Rent a Boat in the Algarve\" \/>\n<meta property=\"article:modified_time\" content=\"2023-07-25T16:01:28+00:00\" \/>\n<meta property=\"og:image\" content=\"https:\/\/www.rentaboatalgarve.com\/wp-content\/uploads\/2020\/05\/home-style3.png\" \/>\n<meta name=\"twitter:card\" content=\"summary_large_image\" \/>\n<meta name=\"twitter:label1\" content=\"Dur\u00e9e de lecture estim\u00e9e\" \/>\n\t<meta name=\"twitter:data1\" content=\"1 minute\" \/>\n<script type=\"application\/ld+json\" class=\"yoast-schema-graph\">{\"@context\":\"https:\\\/\\\/schema.org\",\"@graph\":[{\"@type\":\"WebPage\",\"@id\":\"https:\\\/\\\/www.rentaboatalgarve.com\\\/fr\\\/a-propos\\\/\",\"url\":\"https:\\\/\\\/www.rentaboatalgarve.com\\\/fr\\\/a-propos\\\/\",\"name\":\"\u00c0 propos de nous - Visitez des \u00eeles \u00e0 couper le souffle | Louer un bateau Algarve\",\"isPartOf\":{\"@id\":\"https:\\\/\\\/www.rentaboatalgarve.com\\\/#website\"},\"primaryImageOfPage\":{\"@id\":\"https:\\\/\\\/www.rentaboatalgarve.com\\\/fr\\\/a-propos\\\/#primaryimage\"},\"image\":{\"@id\":\"https:\\\/\\\/www.rentaboatalgarve.com\\\/fr\\\/a-propos\\\/#primaryimage\"},\"thumbnailUrl\":\"https:\\\/\\\/www.rentaboatalgarve.com\\\/wp-content\\\/uploads\\\/2020\\\/05\\\/home-style3.png\",\"datePublished\":\"2020-05-25T09:31:02+00:00\",\"dateModified\":\"2023-07-25T16:01:28+00:00\",\"description\":\"Louer un bateau pour visiter les magnifiques \u00eeles d\u00e9sertes du parc naturel de Ria Formosa est une exp\u00e9rience formidable et unique en Algarve.\",\"breadcrumb\":{\"@id\":\"https:\\\/\\\/www.rentaboatalgarve.com\\\/fr\\\/a-propos\\\/#breadcrumb\"},\"inLanguage\":\"fr-FR\",\"potentialAction\":[{\"@type\":\"ReadAction\",\"target\":[\"https:\\\/\\\/www.rentaboatalgarve.com\\\/fr\\\/a-propos\\\/\"]}]},{\"@type\":\"ImageObject\",\"inLanguage\":\"fr-FR\",\"@id\":\"https:\\\/\\\/www.rentaboatalgarve.com\\\/fr\\\/a-propos\\\/#primaryimage\",\"url\":\"https:\\\/\\\/www.rentaboatalgarve.com\\\/wp-content\\\/uploads\\\/2020\\\/05\\\/home-style3.png\",\"contentUrl\":\"https:\\\/\\\/www.rentaboatalgarve.com\\\/wp-content\\\/uploads\\\/2020\\\/05\\\/home-style3.png\"},{\"@type\":\"BreadcrumbList\",\"@id\":\"https:\\\/\\\/www.rentaboatalgarve.com\\\/fr\\\/a-propos\\\/#breadcrumb\",\"itemListElement\":[{\"@type\":\"ListItem\",\"position\":1,\"name\":\"Home\",\"item\":\"https:\\\/\\\/www.rentaboatalgarve.com\\\/fr\\\/\"},{\"@type\":\"ListItem\",\"position\":2,\"name\":\"\u00c0 propos\"}]},{\"@type\":\"WebSite\",\"@id\":\"https:\\\/\\\/www.rentaboatalgarve.com\\\/#website\",\"url\":\"https:\\\/\\\/www.rentaboatalgarve.com\\\/\",\"name\":\"Rent a Boat in the Algarve\",\"description\":\"Boat Hire in Fuseta\",\"potentialAction\":[{\"@type\":\"SearchAction\",\"target\":{\"@type\":\"EntryPoint\",\"urlTemplate\":\"https:\\\/\\\/www.rentaboatalgarve.com\\\/?s={search_term_string}\"},\"query-input\":{\"@type\":\"PropertyValueSpecification\",\"valueRequired\":true,\"valueName\":\"search_term_string\"}}],\"inLanguage\":\"fr-FR\"}]}<\/script>\n<!-- \/ Yoast SEO plugin. -->","yoast_head_json":{"title":"\u00c0 propos de nous - Visitez des \u00eeles \u00e0 couper le souffle | Louer un bateau Algarve","description":"Louer un bateau pour visiter les magnifiques \u00eeles d\u00e9sertes du parc naturel de Ria Formosa est une exp\u00e9rience formidable et unique en Algarve.","robots":{"index":"index","follow":"follow","max-snippet":"max-snippet:-1","max-image-preview":"max-image-preview:large","max-video-preview":"max-video-preview:-1"},"canonical":"https:\/\/www.rentaboatalgarve.com\/fr\/a-propos\/","og_locale":"fr_FR","og_type":"article","og_title":"\u00c0 propos de nous - Visitez des \u00eeles \u00e0 couper le souffle | Louer un bateau Algarve","og_description":"Louer un bateau pour visiter les magnifiques \u00eeles d\u00e9sertes du parc naturel de Ria Formosa est une exp\u00e9rience formidable et unique en Algarve.","og_url":"https:\/\/www.rentaboatalgarve.com\/fr\/a-propos\/","og_site_name":"Rent a Boat in the Algarve","article_modified_time":"2023-07-25T16:01:28+00:00","og_image":[{"url":"https:\/\/www.rentaboatalgarve.com\/wp-content\/uploads\/2020\/05\/home-style3.png","type":"","width":"","height":""}],"twitter_card":"summary_large_image","twitter_misc":{"Dur\u00e9e de lecture estim\u00e9e":"1 minute"},"schema":{"@context":"https:\/\/schema.org","@graph":[{"@type":"WebPage","@id":"https:\/\/www.rentaboatalgarve.com\/fr\/a-propos\/","url":"https:\/\/www.rentaboatalgarve.com\/fr\/a-propos\/","name":"\u00c0 propos de nous - Visitez des \u00eeles \u00e0 couper le souffle | Louer un bateau Algarve","isPartOf":{"@id":"https:\/\/www.rentaboatalgarve.com\/#website"},"primaryImageOfPage":{"@id":"https:\/\/www.rentaboatalgarve.com\/fr\/a-propos\/#primaryimage"},"image":{"@id":"https:\/\/www.rentaboatalgarve.com\/fr\/a-propos\/#primaryimage"},"thumbnailUrl":"https:\/\/www.rentaboatalgarve.com\/wp-content\/uploads\/2020\/05\/home-style3.png","datePublished":"2020-05-25T09:31:02+00:00","dateModified":"2023-07-25T16:01:28+00:00","description":"Louer un bateau pour visiter les magnifiques \u00eeles d\u00e9sertes du parc naturel de Ria Formosa est une exp\u00e9rience formidable et unique en Algarve.","breadcrumb":{"@id":"https:\/\/www.rentaboatalgarve.com\/fr\/a-propos\/#breadcrumb"},"inLanguage":"fr-FR","potentialAction":[{"@type":"ReadAction","target":["https:\/\/www.rentaboatalgarve.com\/fr\/a-propos\/"]}]},{"@type":"ImageObject","inLanguage":"fr-FR","@id":"https:\/\/www.rentaboatalgarve.com\/fr\/a-propos\/#primaryimage","url":"https:\/\/www.rentaboatalgarve.com\/wp-content\/uploads\/2020\/05\/home-style3.png","contentUrl":"https:\/\/www.rentaboatalgarve.com\/wp-content\/uploads\/2020\/05\/home-style3.png"},{"@type":"BreadcrumbList","@id":"https:\/\/www.rentaboatalgarve.com\/fr\/a-propos\/#breadcrumb","itemListElement":[{"@type":"ListItem","position":1,"name":"Home","item":"https:\/\/www.rentaboatalgarve.com\/fr\/"},{"@type":"ListItem","position":2,"name":"\u00c0 propos"}]},{"@type":"WebSite","@id":"https:\/\/www.rentaboatalgarve.com\/#website","url":"https:\/\/www.rentaboatalgarve.com\/","name":"Rent a Boat in the Algarve","description":"Boat Hire in Fuseta","potentialAction":[{"@type":"SearchAction","target":{"@type":"EntryPoint","urlTemplate":"https:\/\/www.rentaboatalgarve.com\/?s={search_term_string}"},"query-input":{"@type":"PropertyValueSpecification","valueRequired":true,"valueName":"search_term_string"}}],"inLanguage":"fr-FR"}]}},"_links":{"self":[{"href":"https:\/\/www.rentaboatalgarve.com\/fr\/wp-json\/wp\/v2\/pages\/1528","targetHints":{"allow":["GET"]}}],"collection":[{"href":"https:\/\/www.rentaboatalgarve.com\/fr\/wp-json\/wp\/v2\/pages"}],"about":[{"href":"https:\/\/www.rentaboatalgarve.com\/fr\/wp-json\/wp\/v2\/types\/page"}],"author":[{"embeddable":true,"href":"https:\/\/www.rentaboatalgarve.com\/fr\/wp-json\/wp\/v2\/users\/1"}],"replies":[{"embeddable":true,"href":"https:\/\/www.rentaboatalgarve.com\/fr\/wp-json\/wp\/v2\/comments?post=1528"}],"version-history":[{"count":1,"href":"https:\/\/www.rentaboatalgarve.com\/fr\/wp-json\/wp\/v2\/pages\/1528\/revisions"}],"predecessor-version":[{"id":1529,"href":"https:\/\/www.rentaboatalgarve.com\/fr\/wp-json\/wp\/v2\/pages\/1528\/revisions\/1529"}],"wp:attachment":[{"href":"https:\/\/www.rentaboatalgarve.com\/fr\/wp-json\/wp\/v2\/media?parent=1528"}],"curies":[{"name":"wp","href":"https:\/\/api.w.org\/{rel}","templated":true}]}}