{"id":1534,"date":"2023-06-23T16:22:26","date_gmt":"2023-06-23T16:22:26","guid":{"rendered":"https:\/\/www.rentaboatalgarve.com\/information-legale\/"},"modified":"2023-07-25T16:17:46","modified_gmt":"2023-07-25T16:17:46","slug":"information-legale","status":"publish","type":"page","link":"https:\/\/www.rentaboatalgarve.com\/fr\/information-legale\/","title":{"rendered":"Information l\u00e9gale"},"content":{"rendered":"\t\t<div data-elementor-type=\"wp-page\" data-elementor-id=\"1534\" class=\"elementor elementor-1534 elementor-670\" data-elementor-post-type=\"page\">\n\t\t\t\t\t\t<section class=\"elementor-section elementor-top-section elementor-element elementor-element-ee55297 elementor-section-boxed elementor-section-height-default elementor-section-height-default\" data-id=\"ee55297\" data-element_type=\"section\" data-e-type=\"section\" data-settings=\"{&quot;jet_parallax_layout_list&quot;:[{&quot;_id&quot;:&quot;9157c16&quot;,&quot;jet_parallax_layout_speed&quot;:{&quot;unit&quot;:&quot;%&quot;,&quot;size&quot;:&quot;50&quot;,&quot;sizes&quot;:[]},&quot;jet_parallax_layout_bg_x&quot;:&quot;50&quot;,&quot;jet_parallax_layout_bg_y&quot;:&quot;50&quot;,&quot;jet_parallax_layout_image&quot;:{&quot;url&quot;:&quot;&quot;,&quot;id&quot;:&quot;&quot;,&quot;size&quot;:&quot;&quot;},&quot;jet_parallax_layout_image_tablet&quot;:{&quot;url&quot;:&quot;&quot;,&quot;id&quot;:&quot;&quot;,&quot;size&quot;:&quot;&quot;},&quot;jet_parallax_layout_image_mobile&quot;:{&quot;url&quot;:&quot;&quot;,&quot;id&quot;:&quot;&quot;,&quot;size&quot;:&quot;&quot;},&quot;jet_parallax_layout_type&quot;:&quot;scroll&quot;,&quot;jet_parallax_layout_direction&quot;:&quot;1&quot;,&quot;jet_parallax_layout_fx_direction&quot;:null,&quot;jet_parallax_layout_z_index&quot;:&quot;&quot;,&quot;jet_parallax_layout_bg_x_tablet&quot;:&quot;&quot;,&quot;jet_parallax_layout_bg_x_mobile&quot;:&quot;&quot;,&quot;jet_parallax_layout_bg_y_tablet&quot;:&quot;&quot;,&quot;jet_parallax_layout_bg_y_mobile&quot;:&quot;&quot;,&quot;jet_parallax_layout_bg_size&quot;:&quot;auto&quot;,&quot;jet_parallax_layout_bg_size_tablet&quot;:&quot;&quot;,&quot;jet_parallax_layout_bg_size_mobile&quot;:&quot;&quot;,&quot;jet_parallax_layout_animation_prop&quot;:&quot;transform&quot;,&quot;jet_parallax_layout_on&quot;:[&quot;desktop&quot;,&quot;tablet&quot;]}],&quot;background_background&quot;:&quot;classic&quot;}\">\n\t\t\t\t\t\t\t<div class=\"elementor-background-overlay\"><\/div>\n\t\t\t\t\t\t\t<div class=\"elementor-container elementor-column-gap-no\">\n\t\t\t\t\t<div class=\"elementor-column elementor-col-100 elementor-top-column elementor-element elementor-element-6a87663\" data-id=\"6a87663\" data-element_type=\"column\" data-e-type=\"column\">\n\t\t\t<div class=\"elementor-widget-wrap elementor-element-populated\">\n\t\t\t\t\t\t<div class=\"elementor-element elementor-element-6dd403d elementor-widget elementor-widget-raven-image\" data-id=\"6dd403d\" data-element_type=\"widget\" data-e-type=\"widget\" data-widget_type=\"raven-image.default\">\n\t\t\t\t<div class=\"elementor-widget-container\">\n\t\t\t\t\t\t\t<div class=\"raven-image\">\n\t\t\n\t\t\n\t\t<img decoding=\"async\" width=\"86\" height=\"6\" src=\"https:\/\/www.rentaboatalgarve.com\/wp-content\/uploads\/2020\/05\/home-style3.png\" class=\"attachment-full size-full wp-image-1387\" alt=\"\" \/>\t\t<\/div>\n\t\t\t\t\t\t<\/div>\n\t\t\t\t<\/div>\n\t\t\t\t<div class=\"elementor-element elementor-element-5e36ecb elementor-widget elementor-widget-heading\" data-id=\"5e36ecb\" data-element_type=\"widget\" data-e-type=\"widget\" data-widget_type=\"heading.default\">\n\t\t\t\t<div class=\"elementor-widget-container\">\n\t\t\t\t\t<h1 class=\"elementor-heading-title elementor-size-default\">Information l\u00e9gale<\/h1>\t\t\t\t<\/div>\n\t\t\t\t<\/div>\n\t\t\t\t\t<\/div>\n\t\t<\/div>\n\t\t\t\t\t<\/div>\n\t\t<\/section>\n\t\t\t\t<section class=\"elementor-section elementor-top-section elementor-element elementor-element-449049f elementor-section-boxed elementor-section-height-default elementor-section-height-default\" data-id=\"449049f\" data-element_type=\"section\" data-e-type=\"section\" data-settings=\"{&quot;jet_parallax_layout_list&quot;:[{&quot;jet_parallax_layout_image&quot;:{&quot;url&quot;:&quot;&quot;,&quot;id&quot;:&quot;&quot;,&quot;size&quot;:&quot;&quot;},&quot;_id&quot;:&quot;d961979&quot;,&quot;jet_parallax_layout_speed&quot;:{&quot;unit&quot;:&quot;%&quot;,&quot;size&quot;:&quot;50&quot;,&quot;sizes&quot;:[]},&quot;jet_parallax_layout_bg_x&quot;:&quot;50&quot;,&quot;jet_parallax_layout_bg_y&quot;:&quot;50&quot;,&quot;jet_parallax_layout_image_tablet&quot;:{&quot;url&quot;:&quot;&quot;,&quot;id&quot;:&quot;&quot;,&quot;size&quot;:&quot;&quot;},&quot;jet_parallax_layout_image_mobile&quot;:{&quot;url&quot;:&quot;&quot;,&quot;id&quot;:&quot;&quot;,&quot;size&quot;:&quot;&quot;},&quot;jet_parallax_layout_type&quot;:&quot;scroll&quot;,&quot;jet_parallax_layout_direction&quot;:&quot;1&quot;,&quot;jet_parallax_layout_fx_direction&quot;:null,&quot;jet_parallax_layout_z_index&quot;:&quot;&quot;,&quot;jet_parallax_layout_bg_x_tablet&quot;:&quot;&quot;,&quot;jet_parallax_layout_bg_x_mobile&quot;:&quot;&quot;,&quot;jet_parallax_layout_bg_y_tablet&quot;:&quot;&quot;,&quot;jet_parallax_layout_bg_y_mobile&quot;:&quot;&quot;,&quot;jet_parallax_layout_bg_size&quot;:&quot;auto&quot;,&quot;jet_parallax_layout_bg_size_tablet&quot;:&quot;&quot;,&quot;jet_parallax_layout_bg_size_mobile&quot;:&quot;&quot;,&quot;jet_parallax_layout_animation_prop&quot;:&quot;transform&quot;,&quot;jet_parallax_layout_on&quot;:[&quot;desktop&quot;,&quot;tablet&quot;]}],&quot;background_background&quot;:&quot;classic&quot;}\">\n\t\t\t\t\t\t<div class=\"elementor-container elementor-column-gap-no\">\n\t\t\t\t\t<div class=\"elementor-column elementor-col-100 elementor-top-column elementor-element elementor-element-2c503cc\" data-id=\"2c503cc\" data-element_type=\"column\" data-e-type=\"column\">\n\t\t\t<div class=\"elementor-widget-wrap elementor-element-populated\">\n\t\t\t\t\t\t<div class=\"elementor-element elementor-element-1e6f394 elementor-widget elementor-widget-text-editor\" data-id=\"1e6f394\" data-element_type=\"widget\" data-e-type=\"widget\" data-widget_type=\"text-editor.default\">\n\t\t\t\t<div class=\"elementor-widget-container\">\n\t\t\t\t\t\t\t\t\t<p>POLITIQUE DE CONFIDENTIALIT\u00c9<\/p><p>QUI NOUS SOMMES?<\/p><p>Rent a Boat Algarve est une marque d\u00e9pos\u00e9e appartenant \u00e0 In\u00f3spito, Lda (PT516735101).<\/p><p>Rent a Boat Algarve s&rsquo;engage \u00e0 prot\u00e9ger les donn\u00e9es personnelles de ses clients, les produits et services de Rent a Boat Algarve, ainsi que les donn\u00e9es personnelles dans toutes les situations dans lesquelles un traitement de donn\u00e9es personnelles se produit, dans ce contexte, la pr\u00e9sente politique est r\u00e9dig\u00e9e, qui sous-tend leur engagement \u00e0 respecter les r\u00e8gles de protection des donn\u00e9es personnelles.<\/p><p><br \/>POURQUOI CETTE POLITIQUE DE PROTECTION DES DONNEES PERSONNELLES ?<\/p><p>Dans la pr\u00e9sente Politique, il est destin\u00e9 \u00e0 informer les Clients des r\u00e8gles g\u00e9n\u00e9rales de traitement des donn\u00e9es personnelles, qui sont collect\u00e9es et trait\u00e9es dans le strict respect des dispositions de la l\u00e9gislation sur la protection des donn\u00e9es personnelles en vigueur \u00e0 tout moment, \u00e0 savoir le R\u00e8glement (UE) 2016\/679 du Parlement europ\u00e9en et du Conseil du 27 avril 2016 (\u00ab RGPD \u00bb).<\/p><p>Rent a Boat Algarve respecte les meilleures pratiques en mati\u00e8re de s\u00e9curit\u00e9 et de protection des donn\u00e9es personnelles en prenant les mesures techniques et organisationnelles n\u00e9cessaires pour se conformer au RGPD et en veillant \u00e0 ce que le traitement des donn\u00e9es personnelles soit licite, loyal, transparent et \u00e0 des fins autoris\u00e9es limit\u00e9es.<\/p><p>Rent a Boat Algarve s&rsquo;engage \u00e0 la protection et \u00e0 la confidentialit\u00e9 des donn\u00e9es personnelles et a pris les mesures qu&rsquo;elle juge appropri\u00e9es pour garantir l&rsquo;exactitude, l&rsquo;int\u00e9grit\u00e9 et la confidentialit\u00e9 des donn\u00e9es personnelles, ainsi que tous les autres droits dont jouissent les titulaires respectifs.<\/p><p>Les r\u00e8gles pr\u00e9vues dans la pr\u00e9sente politique de protection des donn\u00e9es compl\u00e8tent les dispositions sur la protection et le traitement des donn\u00e9es personnelles, pr\u00e9vues dans les contrats que les clients concluent avec Rent a Boat Algarve, ainsi que les r\u00e8gles \u00e9nonc\u00e9es dans les termes et conditions qui r\u00e9gissent l&rsquo;offre divers produits et services et sont d\u00fbment annonc\u00e9s sur le site Web.<\/p><p><br \/>QU&rsquo;EN EST-IL DE CETTE POLITIQUE DE PROTECTION DES DONN\u00c9ES\u00a0?<\/p><p>Cette politique de protection des donn\u00e9es s&rsquo;applique exclusivement \u00e0 la collecte et au traitement des donn\u00e9es personnelles \u00e0 l&rsquo;\u00e9gard desquelles Rent a Boat Algarve est responsable de son traitement, dans le cadre des services et produits mis \u00e0 la disposition de ses Clients \/ Utilisateurs et dans toutes les situations dans lesquelles se produit un traitement de donn\u00e9es personnelles par Rent a Boat Algarve.<\/p><p>Le site Web de Rent a Boat Algarve peut inclure des liens vers d&rsquo;autres sites Web qui ne sont pas li\u00e9s \u00e0 Rent a Boat Algarve. La disponibilit\u00e9 de ces liens est faite de bonne foi, et Rent a Boat Algarve ne peut \u00eatre tenu responsable de la collecte et du traitement des donn\u00e9es personnelles effectu\u00e9es via ces sites Web, et Rent a Boat Algarve n&rsquo;assume aucune responsabilit\u00e9 pour ces sites Web, notamment quant \u00e0 leur exactitude, leur cr\u00e9dibilit\u00e9 et les fonctionnalit\u00e9s qui y sont disponibles.<\/p><p><br \/>QU&rsquo;EST-CE QUE LES DONN\u00c9ES PERSONNELLES\u00a0?<\/p><p>Une donn\u00e9e personnelle est toute information de toute nature et quel que soit son support, y compris le son et l&rsquo;image, relative \u00e0 une personne physique identifi\u00e9e ou identifiable.<\/p><p>Toute personne identifiable, directement ou indirectement, identifi\u00e9e par r\u00e9f\u00e9rence \u00e0 un nom, un num\u00e9ro d&rsquo;identification, des donn\u00e9es de localisation, des identifiants par voie \u00e9lectronique ou \u00e0 un ou plusieurs \u00e9l\u00e9ments sp\u00e9cifiques de sa personnalit\u00e9 physique, physiologique, g\u00e9n\u00e9tique, psychique, \u00e9conomique, culturelle ou sociale.<\/p><p><br \/>EN QUOI CONSISTE LE TRAITEMENT DES DONNEES PERSONNELLES ?<\/p><p>Le traitement de donn\u00e9es personnelles consiste en une op\u00e9ration ou un ensemble d&rsquo;op\u00e9rations effectu\u00e9es sur des donn\u00e9es personnelles ou des ensembles de donn\u00e9es personnelles, par des moyens automatis\u00e9s ou non, \u00e0 savoir la collecte, l&rsquo;enregistrement, l&rsquo;organisation, la structuration, la conservation, l&rsquo;adaptation, la r\u00e9cup\u00e9ration, la consultation, l&rsquo;utilisation, la divulgation, la diffusion, la comparaison, l&rsquo;interconnexion, la limitation, l&rsquo;effacement ou la destruction.<\/p><p><br \/>QUI EST RESPONSABLE DU TRAITEMENT DES DONN\u00c9ES ?<\/p><p>L&rsquo;entit\u00e9 responsable du traitement des donn\u00e9es personnelles est Rent a Boat Algarve elle-m\u00eame qui d\u00e9termine les finalit\u00e9s et les moyens de traitement de celles-ci.<\/p><p>\u00c0 cette fin, si le titulaire des donn\u00e9es personnelles a besoin de contacter le responsable du traitement, il peut le faire par les moyens et contacts indiqu\u00e9s ci-dessous :<\/p><p>Via le site Rent a Boat Algarve.<\/p><p><br \/>QUI EST LE RESPONSABLE DE LA PROTECTION DES DONN\u00c9ES ?<\/p><p>Le d\u00e9l\u00e9gu\u00e9 \u00e0 la protection des donn\u00e9es joue un r\u00f4le important dans le traitement des donn\u00e9es personnelles, assurant, entre autres aspects, la conformit\u00e9 du traitement des donn\u00e9es avec la l\u00e9gislation en vigueur, v\u00e9rifiant le respect de la pr\u00e9sente politique de protection des donn\u00e9es et \u00e9tablissant des r\u00e8gles claires de traitement des donn\u00e9es personnelles, en veillant \u00e0 ce que toutes les personnes charg\u00e9es du traitement de leurs donn\u00e9es personnelles soient conscientes de la mani\u00e8re dont Rent a Boat Algarve les traite et de leurs droits en la mati\u00e8re.<\/p><p>Par cons\u00e9quent, les propri\u00e9taires de donn\u00e9es personnelles, s&rsquo;ils le souhaitent, peuvent adresser une communication au d\u00e9l\u00e9gu\u00e9 \u00e0 la protection des donn\u00e9es, concernant les questions li\u00e9es au traitement des donn\u00e9es personnelles, en utilisant, \u00e0 cette fin, les contacts du site Rent a Boat Algarve.<\/p><p><br \/>QUELS SONT LES TYPES DE DONN\u00c9ES PERSONNELLES TRAIT\u00c9ES ?<\/p><p>Rent a Boat Algarve, dans le cadre de ses activit\u00e9s, traite les donn\u00e9es personnelles n\u00e9cessaires \u00e0 la fourniture de services et \/ ou \u00e0 la fourniture de produits, ainsi que, au niveau de l&rsquo;intervention sociale, le traitement de donn\u00e9es telles que le nom, l&rsquo;adresse, le num\u00e9ro de t\u00e9l\u00e9phone et l&rsquo;adresse e-mail, selon<\/p>\t\t\t\t\t\t\t\t<\/div>\n\t\t\t\t<\/div>\n\t\t\t\t\t<\/div>\n\t\t<\/div>\n\t\t\t\t\t<\/div>\n\t\t<\/section>\n\t\t\t\t<\/div>\n\t\t","protected":false},"excerpt":{"rendered":"<p>Information l\u00e9gale POLITIQUE DE CONFIDENTIALIT\u00c9 QUI NOUS SOMMES? Rent a Boat Algarve est une marque d\u00e9pos\u00e9e appartenant \u00e0 In\u00f3spito, Lda (PT516735101). Rent a Boat Algarve s&rsquo;engage \u00e0 prot\u00e9ger les donn\u00e9es personnelles de ses clients, les produits et services de Rent a Boat Algarve, ainsi que les donn\u00e9es personnelles dans toutes les situations dans lesquelles un [&hellip;]<\/p>\n","protected":false},"author":1,"featured_media":0,"parent":0,"menu_order":0,"comment_status":"closed","ping_status":"closed","template":"full-width.php","meta":{"_acf_changed":false,"footnotes":""},"class_list":["post-1534","page","type-page","status-publish","hentry"],"acf":[],"yoast_head":"<!-- This site is optimized with the Yoast SEO plugin v27.3 - https:\/\/yoast.com\/product\/yoast-seo-wordpress\/ -->\n<title>Informations utiles \u2013 Location de bateaux | Louer un bateau en Algarve<\/title>\n<meta name=\"description\" content=\"D\u00e9couvrez les droits l\u00e9gaux en consultant notre politique de confidentialit\u00e9 et notre politique de cookies | Horaires |FAQ | Annulations | Retours de r\u00e9servation\" \/>\n<meta name=\"robots\" content=\"index, follow, max-snippet:-1, max-image-preview:large, max-video-preview:-1\" \/>\n<link rel=\"canonical\" href=\"https:\/\/www.rentaboatalgarve.com\/fr\/information-legale\/\" \/>\n<meta property=\"og:locale\" content=\"fr_FR\" \/>\n<meta property=\"og:type\" content=\"article\" \/>\n<meta property=\"og:title\" content=\"Informations utiles \u2013 Location de bateaux | Louer un bateau en Algarve\" \/>\n<meta property=\"og:description\" content=\"D\u00e9couvrez les droits l\u00e9gaux en consultant notre politique de confidentialit\u00e9 et notre politique de cookies | Horaires |FAQ | Annulations | Retours de r\u00e9servation\" \/>\n<meta property=\"og:url\" content=\"https:\/\/www.rentaboatalgarve.com\/fr\/information-legale\/\" \/>\n<meta property=\"og:site_name\" content=\"Rent a Boat in the Algarve\" \/>\n<meta property=\"article:modified_time\" content=\"2023-07-25T16:17:46+00:00\" \/>\n<meta property=\"og:image\" content=\"https:\/\/www.rentaboatalgarve.com\/wp-content\/uploads\/2020\/05\/home-style3.png\" \/>\n<meta name=\"twitter:card\" content=\"summary_large_image\" \/>\n<meta name=\"twitter:label1\" content=\"Dur\u00e9e de lecture estim\u00e9e\" \/>\n\t<meta name=\"twitter:data1\" content=\"5 minutes\" \/>\n<script type=\"application\/ld+json\" class=\"yoast-schema-graph\">{\"@context\":\"https:\\\/\\\/schema.org\",\"@graph\":[{\"@type\":\"WebPage\",\"@id\":\"https:\\\/\\\/www.rentaboatalgarve.com\\\/fr\\\/information-legale\\\/\",\"url\":\"https:\\\/\\\/www.rentaboatalgarve.com\\\/fr\\\/information-legale\\\/\",\"name\":\"Informations utiles \u2013 Location de bateaux | Louer un bateau en Algarve\",\"isPartOf\":{\"@id\":\"https:\\\/\\\/www.rentaboatalgarve.com\\\/#website\"},\"primaryImageOfPage\":{\"@id\":\"https:\\\/\\\/www.rentaboatalgarve.com\\\/fr\\\/information-legale\\\/#primaryimage\"},\"image\":{\"@id\":\"https:\\\/\\\/www.rentaboatalgarve.com\\\/fr\\\/information-legale\\\/#primaryimage\"},\"thumbnailUrl\":\"https:\\\/\\\/www.rentaboatalgarve.com\\\/wp-content\\\/uploads\\\/2020\\\/05\\\/home-style3.png\",\"datePublished\":\"2023-06-23T16:22:26+00:00\",\"dateModified\":\"2023-07-25T16:17:46+00:00\",\"description\":\"D\u00e9couvrez les droits l\u00e9gaux en consultant notre politique de confidentialit\u00e9 et notre politique de cookies | Horaires |FAQ | Annulations | Retours de r\u00e9servation\",\"breadcrumb\":{\"@id\":\"https:\\\/\\\/www.rentaboatalgarve.com\\\/fr\\\/information-legale\\\/#breadcrumb\"},\"inLanguage\":\"fr-FR\",\"potentialAction\":[{\"@type\":\"ReadAction\",\"target\":[\"https:\\\/\\\/www.rentaboatalgarve.com\\\/fr\\\/information-legale\\\/\"]}]},{\"@type\":\"ImageObject\",\"inLanguage\":\"fr-FR\",\"@id\":\"https:\\\/\\\/www.rentaboatalgarve.com\\\/fr\\\/information-legale\\\/#primaryimage\",\"url\":\"https:\\\/\\\/www.rentaboatalgarve.com\\\/wp-content\\\/uploads\\\/2020\\\/05\\\/home-style3.png\",\"contentUrl\":\"https:\\\/\\\/www.rentaboatalgarve.com\\\/wp-content\\\/uploads\\\/2020\\\/05\\\/home-style3.png\"},{\"@type\":\"BreadcrumbList\",\"@id\":\"https:\\\/\\\/www.rentaboatalgarve.com\\\/fr\\\/information-legale\\\/#breadcrumb\",\"itemListElement\":[{\"@type\":\"ListItem\",\"position\":1,\"name\":\"Home\",\"item\":\"https:\\\/\\\/www.rentaboatalgarve.com\\\/fr\\\/\"},{\"@type\":\"ListItem\",\"position\":2,\"name\":\"Information l\u00e9gale\"}]},{\"@type\":\"WebSite\",\"@id\":\"https:\\\/\\\/www.rentaboatalgarve.com\\\/#website\",\"url\":\"https:\\\/\\\/www.rentaboatalgarve.com\\\/\",\"name\":\"Rent a Boat in the Algarve\",\"description\":\"Boat Hire in Fuseta\",\"potentialAction\":[{\"@type\":\"SearchAction\",\"target\":{\"@type\":\"EntryPoint\",\"urlTemplate\":\"https:\\\/\\\/www.rentaboatalgarve.com\\\/?s={search_term_string}\"},\"query-input\":{\"@type\":\"PropertyValueSpecification\",\"valueRequired\":true,\"valueName\":\"search_term_string\"}}],\"inLanguage\":\"fr-FR\"}]}<\/script>\n<!-- \/ Yoast SEO plugin. -->","yoast_head_json":{"title":"Informations utiles \u2013 Location de bateaux | Louer un bateau en Algarve","description":"D\u00e9couvrez les droits l\u00e9gaux en consultant notre politique de confidentialit\u00e9 et notre politique de cookies | Horaires |FAQ | Annulations | Retours de r\u00e9servation","robots":{"index":"index","follow":"follow","max-snippet":"max-snippet:-1","max-image-preview":"max-image-preview:large","max-video-preview":"max-video-preview:-1"},"canonical":"https:\/\/www.rentaboatalgarve.com\/fr\/information-legale\/","og_locale":"fr_FR","og_type":"article","og_title":"Informations utiles \u2013 Location de bateaux | Louer un bateau en Algarve","og_description":"D\u00e9couvrez les droits l\u00e9gaux en consultant notre politique de confidentialit\u00e9 et notre politique de cookies | Horaires |FAQ | Annulations | Retours de r\u00e9servation","og_url":"https:\/\/www.rentaboatalgarve.com\/fr\/information-legale\/","og_site_name":"Rent a Boat in the Algarve","article_modified_time":"2023-07-25T16:17:46+00:00","og_image":[{"url":"https:\/\/www.rentaboatalgarve.com\/wp-content\/uploads\/2020\/05\/home-style3.png","type":"","width":"","height":""}],"twitter_card":"summary_large_image","twitter_misc":{"Dur\u00e9e de lecture estim\u00e9e":"5 minutes"},"schema":{"@context":"https:\/\/schema.org","@graph":[{"@type":"WebPage","@id":"https:\/\/www.rentaboatalgarve.com\/fr\/information-legale\/","url":"https:\/\/www.rentaboatalgarve.com\/fr\/information-legale\/","name":"Informations utiles \u2013 Location de bateaux | Louer un bateau en Algarve","isPartOf":{"@id":"https:\/\/www.rentaboatalgarve.com\/#website"},"primaryImageOfPage":{"@id":"https:\/\/www.rentaboatalgarve.com\/fr\/information-legale\/#primaryimage"},"image":{"@id":"https:\/\/www.rentaboatalgarve.com\/fr\/information-legale\/#primaryimage"},"thumbnailUrl":"https:\/\/www.rentaboatalgarve.com\/wp-content\/uploads\/2020\/05\/home-style3.png","datePublished":"2023-06-23T16:22:26+00:00","dateModified":"2023-07-25T16:17:46+00:00","description":"D\u00e9couvrez les droits l\u00e9gaux en consultant notre politique de confidentialit\u00e9 et notre politique de cookies | Horaires |FAQ | Annulations | Retours de r\u00e9servation","breadcrumb":{"@id":"https:\/\/www.rentaboatalgarve.com\/fr\/information-legale\/#breadcrumb"},"inLanguage":"fr-FR","potentialAction":[{"@type":"ReadAction","target":["https:\/\/www.rentaboatalgarve.com\/fr\/information-legale\/"]}]},{"@type":"ImageObject","inLanguage":"fr-FR","@id":"https:\/\/www.rentaboatalgarve.com\/fr\/information-legale\/#primaryimage","url":"https:\/\/www.rentaboatalgarve.com\/wp-content\/uploads\/2020\/05\/home-style3.png","contentUrl":"https:\/\/www.rentaboatalgarve.com\/wp-content\/uploads\/2020\/05\/home-style3.png"},{"@type":"BreadcrumbList","@id":"https:\/\/www.rentaboatalgarve.com\/fr\/information-legale\/#breadcrumb","itemListElement":[{"@type":"ListItem","position":1,"name":"Home","item":"https:\/\/www.rentaboatalgarve.com\/fr\/"},{"@type":"ListItem","position":2,"name":"Information l\u00e9gale"}]},{"@type":"WebSite","@id":"https:\/\/www.rentaboatalgarve.com\/#website","url":"https:\/\/www.rentaboatalgarve.com\/","name":"Rent a Boat in the Algarve","description":"Boat Hire in Fuseta","potentialAction":[{"@type":"SearchAction","target":{"@type":"EntryPoint","urlTemplate":"https:\/\/www.rentaboatalgarve.com\/?s={search_term_string}"},"query-input":{"@type":"PropertyValueSpecification","valueRequired":true,"valueName":"search_term_string"}}],"inLanguage":"fr-FR"}]}},"_links":{"self":[{"href":"https:\/\/www.rentaboatalgarve.com\/fr\/wp-json\/wp\/v2\/pages\/1534","targetHints":{"allow":["GET"]}}],"collection":[{"href":"https:\/\/www.rentaboatalgarve.com\/fr\/wp-json\/wp\/v2\/pages"}],"about":[{"href":"https:\/\/www.rentaboatalgarve.com\/fr\/wp-json\/wp\/v2\/types\/page"}],"author":[{"embeddable":true,"href":"https:\/\/www.rentaboatalgarve.com\/fr\/wp-json\/wp\/v2\/users\/1"}],"replies":[{"embeddable":true,"href":"https:\/\/www.rentaboatalgarve.com\/fr\/wp-json\/wp\/v2\/comments?post=1534"}],"version-history":[{"count":4,"href":"https:\/\/www.rentaboatalgarve.com\/fr\/wp-json\/wp\/v2\/pages\/1534\/revisions"}],"predecessor-version":[{"id":1538,"href":"https:\/\/www.rentaboatalgarve.com\/fr\/wp-json\/wp\/v2\/pages\/1534\/revisions\/1538"}],"wp:attachment":[{"href":"https:\/\/www.rentaboatalgarve.com\/fr\/wp-json\/wp\/v2\/media?parent=1534"}],"curies":[{"name":"wp","href":"https:\/\/api.w.org\/{rel}","templated":true}]}}